{"id":2026,"date":"2025-11-08T13:25:55","date_gmt":"2025-11-08T16:25:55","guid":{"rendered":"https:\/\/capoeiraemmovimento.com.br\/site\/?page_id=2026"},"modified":"2025-11-08T13:30:31","modified_gmt":"2025-11-08T16:30:31","slug":"programacao","status":"publish","type":"page","link":"https:\/\/capoeiraemmovimento.com.br\/site\/programacao\/","title":{"rendered":"Programa\u00e7\u00e3o"},"content":{"rendered":"\n<hr class=\"wp-block-separator has-alpha-channel-opacity\"\/>\n\n\n\n<h2 class=\"wp-block-heading\">Programa\u00e7\u00e3o atualizada<\/h2>\n\n\n\n<hr class=\"wp-block-separator has-alpha-channel-opacity\"\/>\n\n\n\n<h3 class=\"wp-block-heading\"><strong>1\u00ba DIA \u2013 QUINTA, 13 DE NOVEMBRO<\/strong><\/h3>\n\n\n\n<p><strong>13h \u00e0s 22h<\/strong> \u2013 Exposi\u00e7\u00e3o Fotogr\u00e1fica <strong>CMB 6 Anos<\/strong><br><strong>13h \u00e0s 17h<\/strong> \u2013 Mostra de Filmes da Capoeira (Salas Mestre Bimba e Walter da Silveira)<br><strong>17h \u00e0s 21h<\/strong> \u2013 Credenciamento e Receptivo de P\u00fablico (Foyer da Biblioteca)<br><strong>18h \u00e0s 19h<\/strong> \u2013 Cerim\u00f4nia de Abertura e Receptivo Cultural (<em>Igbadu, Juliana Ribeiro e Roda de Capoeira<\/em>)<br><strong>19h \u00e0s 19h30<\/strong> \u2013 Pedido de Licen\u00e7a \u00e0 Ancestralidade (<em>Jurandir, Gabi Guedes e cantora convidada<\/em>)<br><strong>19h30 \u00e0s 20h<\/strong> \u2013 Fala Institucional e dos Patrocinadores<br><strong>20h \u00e0s 21h<\/strong> \u2013 Ato Cultural \u2013 <em>Slam das Minas<\/em><br><strong>21h \u00e0s 22h<\/strong> \u2013 Atra\u00e7\u00e3o Musical \u2013 <strong>Sibidudu<\/strong><\/p>\n\n\n\n<hr class=\"wp-block-separator has-alpha-channel-opacity\"\/>\n\n\n\n<h3 class=\"wp-block-heading\"><strong>2\u00ba DIA \u2013 SEXTA, 14 DE NOVEMBRO<\/strong><\/h3>\n\n\n\n<p><strong>08h \u00e0s 20h<\/strong> \u2013 Credenciamento e Receptivo de P\u00fablico<br><strong>08h \u00e0s 22h<\/strong> \u2013 Exposi\u00e7\u00e3o Fotogr\u00e1fica <strong>CMB 6 Anos<\/strong><br><strong>08h \u00e0s 17h<\/strong> \u2013 Sa\u00fade e Bem-Estar atrav\u00e9s da Fisioterapia e Massoterapia (Espa\u00e7o Mestra Tonha Rolo do Mar)<br><strong>08h30 \u00e0s 11h<\/strong> \u2013 Roda de Conversa: <em>O Futuro \u00e9 Ancestral<\/em><br><strong>09h \u00e0s 20h<\/strong> \u2013 Feira Cultural e Gastron\u00f4mica<br><strong>09h \u00e0s 18h<\/strong> \u2013 Recrea\u00e7\u00e3o Infantil Afrocentrada (Espa\u00e7o Er\u00ea)<br><strong>11h \u00e0s 12h<\/strong> \u2013 Oficinas e Viv\u00eancias (Tendas Laterais)<br><strong>13h \u00e0s 17h<\/strong> \u2013 3\u00ba Encontro de Pesquisadores e Pesquisadoras da Capoeira (Salas Mestre Bimba e Walter da Silveira)<br><strong>14h \u00e0s 17h<\/strong> \u2013 Berimbalada Cultural: <em>Capoeira nas Escolas P\u00fablicas J\u00e1!<\/em> (da Biblioteca \u00e0 Pra\u00e7a Municipal)<br><strong>16h30 \u00e0s 20h<\/strong> \u2013 3\u00ba Concurso de Cantigas <em>Ancestralidade e Resist\u00eancia<\/em> \u2013 Homenagem ao Mestre Pel\u00e9 da Bomba<br><strong>20h \u00e0s 22h<\/strong> \u2013 Atra\u00e7\u00e3o Musical \u2013 <strong>Carla Lis<\/strong><\/p>\n\n\n\n<hr class=\"wp-block-separator has-alpha-channel-opacity\"\/>\n\n\n\n<h3 class=\"wp-block-heading\"><strong>3\u00ba DIA \u2013 S\u00c1BADO, 15 DE NOVEMBRO<\/strong><\/h3>\n\n\n\n<p><strong>08h \u00e0s 20h<\/strong> \u2013 Credenciamento e Receptivo de P\u00fablico<br><strong>08h \u00e0s 22h<\/strong> \u2013 Exposi\u00e7\u00e3o Fotogr\u00e1fica <strong>CMB 6 Anos<\/strong><br><strong>08h \u00e0s 17h<\/strong> \u2013 Sa\u00fade e Bem-Estar atrav\u00e9s da Fisioterapia e Massoterapia (Espa\u00e7o Mestra Tonha Rolo do Mar)<br><strong>08h \u00e0s 11h<\/strong> \u2013 4\u00ba Encontro sobre o Protagonismo Feminino na Capoeira<br><strong>09h \u00e0s 18h<\/strong> \u2013 Recrea\u00e7\u00e3o Infantil Afrocentrada (Espa\u00e7o Er\u00ea)<br><strong>09h \u00e0s 20h<\/strong> \u2013 Feira Cultural e Gastron\u00f4mica<br><strong>11h \u00e0s 13h30<\/strong> \u2013 Oficinas do Encontro de Protagonismo Feminino<br><strong>13h \u00e0s 17h<\/strong> \u2013 Mostra de Filmes da Capoeira (Salas Mestre Bimba e Walter da Silveira)<br><strong>14h \u00e0s 16h<\/strong> \u2013 Oficinas e Viv\u00eancias (Tendas Laterais)<br><strong>15h \u00e0s 17h<\/strong> \u2013 Viv\u00eancia com Mestres Gri\u00f4s (Barrac\u00e3o de Mestre Waldemar)<br><strong>18h \u00e0s 20h<\/strong> \u2013 Homenagem aos Mestres Gri\u00f4s (80+): <em>Cem anos de Mestre Canjiquinha<\/em><br><strong>20h \u00e0s 22h<\/strong> \u2013 Atra\u00e7\u00e3o Cultural \u2013 <strong>Ad\u00e3o Negro<\/strong><\/p>\n\n\n\n<hr class=\"wp-block-separator has-alpha-channel-opacity\"\/>\n\n\n\n<h3 class=\"wp-block-heading\"><strong>4\u00ba DIA \u2013 DOMINGO, 16 DE NOVEMBRO<\/strong><\/h3>\n\n\n\n<p><strong>08h \u00e0s 18h<\/strong> \u2013 Credenciamento e Receptivo de P\u00fablico<br><strong>08h \u00e0s 22h<\/strong> \u2013 Exposi\u00e7\u00e3o Fotogr\u00e1fica <strong>CMB 6 Anos<\/strong><br><strong>08h \u00e0s 13h<\/strong> \u2013 3\u00ba Encontro de Pesquisadores e Pesquisadoras da Capoeira (Salas Mestre Bimba e Walter da Silveira)<br><strong>08h \u00e0s 12h<\/strong> \u2013 3\u00ba Torneio Ubuntu de Capoeira Infantil e Infantojuvenil (Espa\u00e7o Er\u00ea)<br><strong>09h \u00e0s 20h<\/strong> \u2013 Feira Cultural e Gastron\u00f4mica<br><strong>09h \u00e0s 13h<\/strong> \u2013 2\u00ba Encontro da Diversidade na Capoeira<br><strong>14h \u00e0s 15h<\/strong> \u2013 Hist\u00f3ria Cantada da Bahia: <em>A Capoeira de Rua e o Mercado Modelo<\/em><br>(<em>Albatroz, Juliana Ribeiro, Mestre Gaj\u00e9 e Liberac<\/em>)<br><strong>16h \u00e0s 18h<\/strong> \u2013 Roda do S\u00e9culo (<em>Mestre Tonha Mat\u00e9ria e Jurandir<\/em>)<br><strong>18h \u00e0s 20h<\/strong> \u2013 Atra\u00e7\u00e3o Cultural \u2013 <strong>Rodas de Samba da Bahia<\/strong><\/p>\n\n\n\n<hr class=\"wp-block-separator has-alpha-channel-opacity\"\/>\n\n\n\n<p><\/p>\n\n\n\n<p><\/p>\n","protected":false},"excerpt":{"rendered":"<p>Programa\u00e7\u00e3o atualizada 1\u00ba DIA \u2013 QUINTA, 13 DE NOVEMBRO 13h \u00e0s 22h \u2013 Exposi\u00e7\u00e3o Fotogr\u00e1fica CMB 6 Anos13h \u00e0s 17h \u2013 Mostra de Filmes da Capoeira (Salas Mestre Bimba e&#8230;<\/p>\n","protected":false},"author":7,"featured_media":0,"parent":0,"menu_order":0,"comment_status":"closed","ping_status":"closed","template":"","meta":{"footnotes":""},"class_list":["post-2026","page","type-page","status-publish"],"_links":{"self":[{"href":"https:\/\/capoeiraemmovimento.com.br\/site\/wp-json\/wp\/v2\/pages\/2026","targetHints":{"allow":["GET"]}}],"collection":[{"href":"https:\/\/capoeiraemmovimento.com.br\/site\/wp-json\/wp\/v2\/pages"}],"about":[{"href":"https:\/\/capoeiraemmovimento.com.br\/site\/wp-json\/wp\/v2\/types\/page"}],"author":[{"embeddable":true,"href":"https:\/\/capoeiraemmovimento.com.br\/site\/wp-json\/wp\/v2\/users\/7"}],"replies":[{"embeddable":true,"href":"https:\/\/capoeiraemmovimento.com.br\/site\/wp-json\/wp\/v2\/comments?post=2026"}],"version-history":[{"count":4,"href":"https:\/\/capoeiraemmovimento.com.br\/site\/wp-json\/wp\/v2\/pages\/2026\/revisions"}],"predecessor-version":[{"id":2034,"href":"https:\/\/capoeiraemmovimento.com.br\/site\/wp-json\/wp\/v2\/pages\/2026\/revisions\/2034"}],"wp:attachment":[{"href":"https:\/\/capoeiraemmovimento.com.br\/site\/wp-json\/wp\/v2\/media?parent=2026"}],"curies":[{"name":"wp","href":"https:\/\/api.w.org\/{rel}","templated":true}]}}